{"id":3,"date":"2020-09-28T21:14:10","date_gmt":"2020-09-29T00:14:10","guid":{"rendered":"http:\/\/opgengeconsult.com.br\/?page_id=3"},"modified":"2023-08-23T16:58:15","modified_gmt":"2023-08-23T19:58:15","slug":"politica-de-privacidade","status":"publish","type":"page","link":"https:\/\/opgengeconsult.com.br\/index.php\/politica-de-privacidade\/","title":{"rendered":"POL\u00cdTICA DE PRIVACIDADE E COOKIES"},"content":{"rendered":"<p><span style=\"font-family: Montserrat; font-size: 24pt;\">1. QUEM SOMOS<\/span><\/p>\n<p style=\"text-align: justify;\"><span style=\"font-family: Montserrat;\">O endere\u00e7o do site: http:\/\/www.opgengeconsult.com.br.<\/span><\/p>\n<p><span style=\"font-family: Montserrat; font-size: 24pt;\">2. DADOS PESSOAIS COLETADOS E PORQUE<\/span><\/p>\n<p style=\"text-align: justify;\"><span style=\"font-family: Montserrat;\">2.1 FORMUL\u00c1RIO DE CONTATO<\/span><\/p>\n<p style=\"text-align: justify;\"><span style=\"font-family: Montserrat;\">No formul\u00e1rio de contato denominado Contato, coletamos as informa\u00e7\u00f5es (Nome, E-mail, Telefone, Assunto e a Sua Mensagem), esses dados s\u00e3o fundamentais para identificarmos quem est\u00e1 entrando em contato conosco para podermos tratar o assunto e mensagem de forma individual e personalizada. Todos os dados coletados \/ enviados ficar\u00e3o armazenados em nosso servidor de e-mails em formato de arquivo de e-mail, e ser\u00e1 utilizado para responder as d\u00favidas e quest\u00f5es neles solicitados.<\/span><\/p>\n<p style=\"text-align: justify;\"><span style=\"font-family: Montserrat;\">2.2 BIBLIOTECA DE ARTIGOS<\/span><\/p>\n<p style=\"text-align: justify;\"><span style=\"font-family: Montserrat;\">O site oferece uma Biblioteca com artigos t\u00e9cnicos e outros materiais did\u00e1ticos e informativos que ficar\u00e3o dispon\u00edveis para download mediante o preenchimento dos dados solicitados no formul\u00e1rio, o usu\u00e1rio receber\u00e1 atrav\u00e9s do e-mail informado um e-mail contendo o link de acesso a essa Biblioteca de Artigos para downloads. Todos os dados enviados ficar\u00e3o armazenados em nosso servidor de e-mails em formato de arquivo de e-mail, e ser\u00e1 utilizado para responder as d\u00favidas e quest\u00f5es neles solicitados.<\/span><\/p>\n<p style=\"text-align: justify;\"><span style=\"font-family: Montserrat;\">2.3 COOKIES<\/span><\/p>\n<p style=\"text-align: justify;\"><span style=\"font-family: Montserrat;\">Os\u00a0<strong>cookies <\/strong>s\u00e3o\u00a0arquivos de internet, em formato de texto, que armazenam temporariamente o que o internauta est\u00e1 visitando na rede, n\u00e3o ocupam praticamente nenhum espa\u00e7o no disco r\u00edgido do computador e n\u00e3o cont\u00eam informa\u00e7\u00f5es de identifica\u00e7\u00e3o pessoal.<\/span><\/p>\n<p style=\"text-align: justify;\"><span style=\"font-family: Montserrat;\">Ao usar o site, voc\u00ea concorda com o uso desses cookies.<\/span><\/p>\n<p style=\"text-align: justify;\"><span style=\"font-family: Montserrat;\">Visando seu conforto, ao deixar um coment\u00e1rio no site, voc\u00ea poder\u00e1 salvar seus dados nesses cookies, dispensando o preenchimento quando fizer um novo coment\u00e1rio.<\/span><\/p>\n<p style=\"text-align: justify;\"><span style=\"font-family: Montserrat;\">O cookie estritamente necess\u00e1rio deve estar ativado o tempo todo, para que possamos salvar suas prefer\u00eancias nas configura\u00e7\u00f5es de cookies.<\/span><\/p>\n<p style=\"text-align: justify;\"><span style=\"font-family: Montserrat;\">Se voc\u00ea desativar este cookie em configura\u00e7\u00f5es, n\u00e3o poderemos salvar suas prefer\u00eancias. Isso significa que toda vez que voc\u00ea visitar este site, precisar\u00e1 ativar ou desativar os cookies novamente.<\/span><\/p>\n<p><span style=\"font-family: Montserrat; font-size: 24pt;\">3. COM QUEM PARTILHAMOS SEUS DADOS<\/span><\/p>\n<p style=\"text-align: justify;\"><span style=\"font-family: Montserrat;\">A coleta, processamento e utiliza\u00e7\u00e3o de dados pessoais s\u00e3o efetuados por n\u00f3s ou at\u00e9 mesmo por outras empresas de suporte inform\u00e1tico. Em circunst\u00e2ncias especiais, n\u00f3s podemos dar a outras empresas acesso ao nosso banco de dados de informa\u00e7\u00f5es, mas somente se isso for estritamente necess\u00e1rio para permitir-lhes realizar procedimentos de manuten\u00e7\u00e3o ou seguran\u00e7a no banco de dados, no servidor ou outros servi\u00e7os semelhantes.\u00a0<\/span><br \/>\n<span style=\"font-family: Montserrat;\">Quando fornecemos tal acesso, exigimos que as outras empresas assinem contratos de confidencialidade, comprometendo-se a manter sigilo sobre quaisquer informa\u00e7\u00f5es \u00e0s quais tenham acesso.<\/span><\/p>\n<p><span style=\"font-family: Montserrat; font-size: 24pt;\">4. POR QUANTO TEMPO MANTEMOS SEUS DADOS<\/span><\/p>\n<p style=\"text-align: justify;\"><span style=\"font-family: Montserrat;\">Nosso site n\u00e3o permite deixar coment\u00e1rios e n\u00e3o h\u00e1 necessidade do usu\u00e1rio se logar, evitando assim um cadastramento desnecess\u00e1rio para login.<\/span><\/p>\n<p style=\"text-align: justify;\"><span style=\"font-family: Montserrat;\">As \u00fanicas informa\u00e7\u00f5es que mantemos em nossos servidores, s\u00e3o os dados enviados por e-mail atrav\u00e9s do formul\u00e1rio de Contato e Biblioteca de Artigos.<\/span><\/p>\n<p><span style=\"font-family: Montserrat; font-size: 24pt;\">5. QUAIS OS SEUS DIREITOS SOBRE SEUS DADOS<\/span><\/p>\n<p style=\"text-align: justify;\"><span style=\"font-family: Montserrat;\">Se voc\u00ea tiver uma conta neste site ou se tiver deixado coment\u00e1rios, pode solicitar um arquivo exportado dos dados pessoais que mantemos sobre voc\u00ea, inclusive quaisquer dados que nos tenha fornecido. Tamb\u00e9m pode solicitar que removamos qualquer dado pessoal que mantemos sobre voc\u00ea. Para isso envie um e-mail para controle@opgengeconsult.com.br solicitando a remo\u00e7\u00e3o.<\/span><\/p>\n<p><span style=\"font-family: Montserrat; font-size: 24pt;\">6. PARA ONDE ENVIAMOS SEUS DADOS<\/span><\/p>\n<p style=\"text-align: justify;\"><span style=\"font-family: Montserrat;\">Os dados enviados por formul\u00e1rio de Contato e Biblioteca de Artigos s\u00e3o enviados em formato de e-mail para: controle@opgengeconsult.com.br.<\/span><\/p>\n<p><span style=\"font-family: Montserrat; font-size: 24pt;\">7. COMO PROTEGEMOS SEUS DADOS<\/span><\/p>\n<p style=\"text-align: justify;\"><span style=\"font-family: Montserrat;\">Temos tomado medidas t\u00e9cnicas e organizativas adequadas para proteger suas informa\u00e7\u00f5es pessoais contra perda, roubo ou acesso n\u00e3o autorizado por terceiros.<\/span><\/p>\n<p><span style=\"font-family: Montserrat; font-size: 24pt;\">8. ALTERA\u00c7\u00d5ES DESSA POL\u00cdTICA DE PRIVACIDADE E COOKIES<\/span><\/p>\n<p style=\"text-align: justify;\"><span style=\"font-family: Montserrat;\">A OPG Engenharia Consultoria e Projetos em Eletricidade se reserva no direito de alterar essa pol\u00edtica tantas vezes quantas forem necess\u00e1rias, visando fornecer a voc\u00ea mais seguran\u00e7a, conveni\u00eancia e melhorar cada vez mais sua experi\u00eancia.<\/span><\/p>\n<p style=\"text-align: justify;\"><span style=\"font-family: Montserrat;\">Este documento \u00e9 regido e deve ser interpretado de acordo com as leis da Rep\u00fablica Federativa do Brasil. Fica eleito o foro da comarca do Rio de Janeiro, como o competente para dirimir quaisquer quest\u00f5es porventura oriundas do presente documento, com expressa ren\u00fancia a qualquer outro, por mais privilegiado que seja.<\/span><\/p>\n<p><span style=\"font-family: Montserrat; font-size: 24pt;\">9. INFORMA\u00c7\u00d5ES<\/span><\/p>\n<p style=\"text-align: justify;\"><span style=\"font-family: Montserrat;\">Caso necessite de maiores informa\u00e7\u00f5es, esclarecimento de d\u00favidas ou at\u00e9 mesmo coment\u00e1rios sobre a Pol\u00edtica de Privacidade e cookies, basta nos escrever a partir dos endere\u00e7os abaixo que estaremos a disposi\u00e7\u00e3o para respond\u00ea-lo.\u00a0<\/span><\/p>\n<p><span style=\"font-family: Montserrat;\"><strong>E-mail:<\/strong>\u00a0<strong>controle@opgengeconsult.com.br<br \/>\n<\/strong><\/span><br \/>\n<span style=\"font-family: Montserrat;\"><strong>Endere\u00e7o postal:<\/strong>\u00a0<\/span><br \/>\n<span style=\"font-family: Montserrat;\">Av. Nil\u00f3polis 280 \/ 404<\/span><br \/>\n<span style=\"font-family: Montserrat;\">CEP 90460-050, Porto Alegre &#8211; RS\u00a0<\/span><br \/>\n<span style=\"font-family: Montserrat;\">A\/C: Departamento de TI<\/span><\/p>\n<p><span style=\"font-family: Montserrat;\"><strong>Telefone:<\/strong>\u00a0+55 21 98217.1377 \u00a9 OPG Engenharia Consultoria e Projetos em Eletricidade Ltda.<\/span><\/p>\n","protected":false},"excerpt":{"rendered":"<p>1. QUEM SOMOS O endere\u00e7o do site: http:\/\/www.opgengeconsult.com.br. 2. DADOS PESSOAIS COLETADOS E PORQUE 2.1 FORMUL\u00c1RIO DE CONTATO No formul\u00e1rio de contato denominado Contato, coletamos as informa\u00e7\u00f5es (Nome, E-mail, Telefone, Assunto e a Sua Mensagem), esses dados s\u00e3o fundamentais para identificarmos quem est\u00e1 entrando em contato conosco para podermos tratar o assunto e mensagem de&hellip;&nbsp;<a href=\"https:\/\/opgengeconsult.com.br\/index.php\/politica-de-privacidade\/\" class=\"\" rel=\"bookmark\">Continue a ler &raquo;<span class=\"screen-reader-text\">POL\u00cdTICA DE PRIVACIDADE E COOKIES<\/span><\/a><\/p>\n","protected":false},"author":1,"featured_media":0,"parent":0,"menu_order":0,"comment_status":"closed","ping_status":"open","template":"","meta":{"neve_meta_sidebar":"full-width","neve_meta_container":"contained","neve_meta_enable_content_width":"off","neve_meta_content_width":0,"neve_meta_title_alignment":"","neve_meta_author_avatar":"","neve_post_elements_order":"","neve_meta_disable_header":"","neve_meta_disable_footer":"","neve_meta_disable_title":"","footnotes":""},"_links":{"self":[{"href":"https:\/\/opgengeconsult.com.br\/index.php\/wp-json\/wp\/v2\/pages\/3"}],"collection":[{"href":"https:\/\/opgengeconsult.com.br\/index.php\/wp-json\/wp\/v2\/pages"}],"about":[{"href":"https:\/\/opgengeconsult.com.br\/index.php\/wp-json\/wp\/v2\/types\/page"}],"author":[{"embeddable":true,"href":"https:\/\/opgengeconsult.com.br\/index.php\/wp-json\/wp\/v2\/users\/1"}],"replies":[{"embeddable":true,"href":"https:\/\/opgengeconsult.com.br\/index.php\/wp-json\/wp\/v2\/comments?post=3"}],"version-history":[{"count":14,"href":"https:\/\/opgengeconsult.com.br\/index.php\/wp-json\/wp\/v2\/pages\/3\/revisions"}],"predecessor-version":[{"id":162,"href":"https:\/\/opgengeconsult.com.br\/index.php\/wp-json\/wp\/v2\/pages\/3\/revisions\/162"}],"wp:attachment":[{"href":"https:\/\/opgengeconsult.com.br\/index.php\/wp-json\/wp\/v2\/media?parent=3"}],"curies":[{"name":"wp","href":"https:\/\/api.w.org\/{rel}","templated":true}]}}